{"id":528,"date":"2025-01-24T16:00:12","date_gmt":"2025-01-24T15:00:12","guid":{"rendered":"https:\/\/laser.epicure.com.pl\/?post_type=product&#038;p=528"},"modified":"2025-01-24T16:16:55","modified_gmt":"2025-01-24T15:16:55","slug":"laserowe-usuwanie-rozstepow-zageszczanie-skory-na-brzuchu-odmladzanie-skory-resufing","status":"publish","type":"product","link":"https:\/\/laser.epicure.com.pl\/index.php\/produkt\/laserowe-usuwanie-rozstepow-zageszczanie-skory-na-brzuchu-odmladzanie-skory-resufing\/","title":{"rendered":"Laserowe usuwanie rozst\u0119p\u00f3w zag\u0119szczanie sk\u00f3ry na brzuchu + odm\u0142adzanie sk\u00f3ry Resufing"},"content":{"rendered":"<p>Laser frakcyjny nieablacyjny Resurfx to skuteczna metoda pozbycia si\u0119 niechcianych mankament\u00f3w sk\u00f3rnych jednym z nich s\u0105 rozst\u0119py najcz\u0119\u015bciej po ci\u0105\u017cowe do tego do\u015b\u0107 k\u0142opotliwa wiotko\u015b\u0107 sk\u00f3ry oraz jej nadmiar.\u00a0 Stosowanie dw\u00f3ch terapii \u0142\u0105czonych czyli laser oraz fali radiowej pozwoli nam na wielokierunkowe dzia\u0142ania. Laser z tytu\u0142u swej ogromnej mocy dzia\u0142a od \u015brodka na zewn\u0105trz a fala radiowa ma skuteczno\u015b\u0107 du\u017c\u0105 w obkurczaniu w\u0142\u00f3kien kolagenowych czyli mamy kolejny duet doskona\u0142y aby uzyska\u0107 zadawalaj\u0105ce efekty.<\/p>\n<p>Pakiet zawiera 1 zabieg laserowy na brzuch w tym redukcja rozst\u0119p\u00f3w i zabieg odm\u0142adzania oraz 6 zabieg\u00f3w Fali Radiowej na brzuch Tworzenie nowego kolagenu trwa od 3 do 6 miesi\u0119cy Laser Frakcyjnym nieablacyjnym ResurFX plus Fala Radiowa Venus Freeze gwarantuj\u0105 najlepsze efekty.<\/p>\n","protected":false},"excerpt":{"rendered":"<p>Laser frakcyjny nieablacyjny Resurfx to skuteczna metoda pozbycia si\u0119 niechcianych mankament\u00f3w sk\u00f3rnych jednym z nich s\u0105 rozst\u0119py najcz\u0119\u015bciej po ci\u0105\u017cowe do tego do\u015b\u0107 k\u0142opotliwa wiotko\u015b\u0107 sk\u00f3ry oraz jej nadmiar Stosowanie dw\u00f3ch terapii \u0142\u0105czonych czyli laser oraz fali radiowej pozwoli nam na wielokierunkowe dzia\u0142ania<\/p>\n","protected":false},"featured_media":469,"comment_status":"open","ping_status":"closed","template":"","meta":{"_et_pb_use_builder":"","_et_pb_old_content":"","_et_gb_content_width":""},"product_cat":[28,27],"product_tag":[],"class_list":{"0":"post-528","1":"product","2":"type-product","3":"status-publish","4":"has-post-thumbnail","6":"product_cat-terapia-laczona","7":"product_cat-zabiegi-laserowe","9":"first","10":"instock","11":"shipping-taxable","12":"purchasable","13":"product-type-simple"},"_links":{"self":[{"href":"https:\/\/laser.epicure.com.pl\/index.php\/wp-json\/wp\/v2\/product\/528","targetHints":{"allow":["GET"]}}],"collection":[{"href":"https:\/\/laser.epicure.com.pl\/index.php\/wp-json\/wp\/v2\/product"}],"about":[{"href":"https:\/\/laser.epicure.com.pl\/index.php\/wp-json\/wp\/v2\/types\/product"}],"replies":[{"embeddable":true,"href":"https:\/\/laser.epicure.com.pl\/index.php\/wp-json\/wp\/v2\/comments?post=528"}],"wp:featuredmedia":[{"embeddable":true,"href":"https:\/\/laser.epicure.com.pl\/index.php\/wp-json\/wp\/v2\/media\/469"}],"wp:attachment":[{"href":"https:\/\/laser.epicure.com.pl\/index.php\/wp-json\/wp\/v2\/media?parent=528"}],"wp:term":[{"taxonomy":"product_cat","embeddable":true,"href":"https:\/\/laser.epicure.com.pl\/index.php\/wp-json\/wp\/v2\/product_cat?post=528"},{"taxonomy":"product_tag","embeddable":true,"href":"https:\/\/laser.epicure.com.pl\/index.php\/wp-json\/wp\/v2\/product_tag?post=528"}],"curies":[{"name":"wp","href":"https:\/\/api.w.org\/{rel}","templated":true}]}}