{"id":519,"date":"2025-01-24T15:01:44","date_gmt":"2025-01-24T14:01:44","guid":{"rendered":"https:\/\/laser.epicure.com.pl\/?post_type=product&#038;p=519"},"modified":"2025-01-24T19:49:46","modified_gmt":"2025-01-24T18:49:46","slug":"oxybrazja-peeling-wodno-tlenowy-zabieg-oczyszczajacy-skore-z-pelna-pielegnacja","status":"publish","type":"product","link":"https:\/\/laser.epicure.com.pl\/index.php\/produkt\/oxybrazja-peeling-wodno-tlenowy-zabieg-oczyszczajacy-skore-z-pelna-pielegnacja\/","title":{"rendered":"Oxybrazja &#8211; Peeling wodno -tlenowy zabieg oczyszczaj\u0105cy sk\u00f3r\u0119 z pe\u0142n\u0105 piel\u0119gnacj\u0105"},"content":{"rendered":"<p>Oxybrazja, wodno-tlenowy peeling, kt\u00f3rego czynnikiem z\u0142uszczaj\u0105cym jest strumie\u0144 soli fizjologicznej emitowanej pod ci\u015bnieniem spr\u0119\u017conego tlenu. Drobinki natlenionej ja\u0142owej soli fizjologicznej powoduj\u0105c tarcie nie podra\u017cniaj\u0105 sk\u00f3ry.\ud83d\udc99\ud83d\udc9a<\/p>\n<p>Trzy warianty zabiegowe:<\/p>\n<p>\ud83d\ude0d Wyj\u0105tkowa oferta do ko\u0144ca wakacji:<br \/>\n\ud83d\ude0d \ud83d\udd39Pojedynczy zabieg zawieraj\u0105cy demakija\u017c, oxybrazj\u0119, ampu\u0142k\u0119, mask\u0119 kremow\u0105 lub algow\u0105 oraz krem z masa\u017cem teraz tylko 215 z\u0142 (zamiast 250 z\u0142) &#8211; 15% zni\u017cki<br \/>\n\ud83d\udd39Pakiet dw\u00f3ch zabieg\u00f3w w cenie 400 z\u0142 (zamiast 500 z\u0142) &#8211; 20% zni\u017cki<br \/>\n\ud83d\udd39Pakiet trzech zabieg\u00f3w w cenie 525 z\u0142 (zamiast 750 z\u0142) &#8211; 30% zni\u017cki Oxybrazja, to cudowne uczucie &#8220;morskiej bryzy&#8221;.<br \/>\nJest zabiegiem mokrym i zimnym dlatego nie wykonujemy go w okresie zimowym, ale cudownie komponuje si\u0119 zabiegowo o okresie wiosenno letnim. Zabieg oxybrazji jest przyjemny i relaksuj\u0105cy, sprawdzi si\u0119 o tej porze roku i od\u015bwie\u017cy nasz\u0105 cer\u0119 po przez delikatne z\u0142uszczenie oraz dodatkowe natlenienie.<br \/>\nOxybrazja jest delikatnym zabiegiem, kt\u00f3rego zdaniem jest oczyszczenie, nawil\u017cenie i dotlenienie sk\u00f3ry. Zabieg wykonywany jest bezdotykowo, dlatego nie wywo\u0142uje podra\u017cnie\u0144 i mo\u017ce by\u0107 stosowany nawet przez osoby z cer\u0105 wra\u017cliw\u0105 z \u0142ojotokowym zapaleniem sk\u00f3ry, \u0142uszczyc\u0105 czy cer\u0105 naczynkow\u0105 oraz dla kobiet w ci\u0105\u017cy \ud83d\ude42<\/p>\n<p>Oxybrazja \u2013 efekty:<br \/>\nPo wykonanym zabiegu oxybrazji efekty zauwa\u017calne s\u0105 od razu. Tlen, wt\u0142aczany w sk\u00f3r\u0119 pod ci\u015bnieniem, wywo\u0142uje efekt od\u015bwie\u017cenia i ukojenia sk\u00f3ry. Ponadto oxybrazja sprawia, \u017ce:<br \/>\n&#8211; poprawia si\u0119 cyrkulacja krwi,<br \/>\n&#8211; kom\u00f3rki sk\u00f3ry zostaj\u0105 od\u017cywione,<br \/>\n&#8211; sk\u00f3ra jest nawil\u017cona,<br \/>\n&#8211; reguluje si\u0119 praca gruczo\u0142\u00f3w \u0142ojowych,<br \/>\n&#8211; pory zostaj\u0105 zw\u0119\u017cone,<br \/>\n&#8211; wyr\u00f3wnuje si\u0119 koloryt sk\u00f3ry,<br \/>\n&#8211; sk\u00f3ra staje si\u0119 j\u0119drna, zwiotczenia zlikwidowane, a w\u0142\u00f3kna kolagenowe odbudowane.<\/p>\n<p>Osoby, kt\u00f3re nie borykaj\u0105 si\u0119 z powa\u017cnymi problemami sk\u00f3rnymi, mog\u0105 by\u0107 usatysfakcjonowane ju\u017c po 1 zabiegu. W przypadku silnego zanieczyszczenia sk\u00f3ry, wyj\u0105tkowo rozszerzonych por\u00f3w czy licznych wyprysk\u00f3w i grudek, zdarza si\u0119, \u017ce trzeba wykona\u0107 seri\u0119 zabieg\u00f3w.<\/p>\n<p>&nbsp;<\/p>\n","protected":false},"excerpt":{"rendered":"<p>Oxybrazja, wodno-tlenowy peeling, kt\u00f3rego czynnikiem z\u0142uszczaj\u0105cym jest strumie\u0144 soli fizjologicznej emitowanej pod ci\u015bnieniem spr\u0119\u017conego tlenu. Drobinki natlenionej ja\u0142owej soli fizjologicznej powoduj\u0105c tarcie nie podra\u017cniaj\u0105 sk\u00f3ry.\ud83d\udc99\ud83d\udc9a<\/p>\n","protected":false},"featured_media":461,"comment_status":"open","ping_status":"closed","template":"","meta":{"_et_pb_use_builder":"","_et_pb_old_content":"","_et_gb_content_width":""},"product_cat":[23],"product_tag":[26,25,24],"class_list":{"0":"post-519","1":"product","2":"type-product","3":"status-publish","4":"has-post-thumbnail","6":"product_cat-zabiegi-na-twarz","7":"product_tag-orzezwienie","8":"product_tag-uroda","9":"product_tag-zabiegi-na-twarz","11":"first","12":"instock","13":"sale","14":"shipping-taxable","15":"purchasable","16":"product-type-simple"},"_links":{"self":[{"href":"https:\/\/laser.epicure.com.pl\/index.php\/wp-json\/wp\/v2\/product\/519","targetHints":{"allow":["GET"]}}],"collection":[{"href":"https:\/\/laser.epicure.com.pl\/index.php\/wp-json\/wp\/v2\/product"}],"about":[{"href":"https:\/\/laser.epicure.com.pl\/index.php\/wp-json\/wp\/v2\/types\/product"}],"replies":[{"embeddable":true,"href":"https:\/\/laser.epicure.com.pl\/index.php\/wp-json\/wp\/v2\/comments?post=519"}],"wp:featuredmedia":[{"embeddable":true,"href":"https:\/\/laser.epicure.com.pl\/index.php\/wp-json\/wp\/v2\/media\/461"}],"wp:attachment":[{"href":"https:\/\/laser.epicure.com.pl\/index.php\/wp-json\/wp\/v2\/media?parent=519"}],"wp:term":[{"taxonomy":"product_cat","embeddable":true,"href":"https:\/\/laser.epicure.com.pl\/index.php\/wp-json\/wp\/v2\/product_cat?post=519"},{"taxonomy":"product_tag","embeddable":true,"href":"https:\/\/laser.epicure.com.pl\/index.php\/wp-json\/wp\/v2\/product_tag?post=519"}],"curies":[{"name":"wp","href":"https:\/\/api.w.org\/{rel}","templated":true}]}}